{"id":6,"date":"2016-08-01T14:50:50","date_gmt":"2016-08-01T14:50:50","guid":{"rendered":"https:\/\/ubeydeteknikservis.tk\/?page_id=6"},"modified":"2025-05-02T08:48:19","modified_gmt":"2025-05-02T08:48:19","slug":"about","status":"publish","type":"page","link":"https:\/\/adamerkezservis.site\/index.php\/about\/","title":{"rendered":"Hakk\u0131m\u0131zda"},"content":{"rendered":"<p><div class=\"fusion-fullwidth fullwidth-box fusion-builder-row-1 fusion-flex-container nonhundred-percent-fullwidth non-hundred-percent-height-scrolling\" style=\"background-color: rgba(255,255,255,0);background-position: center center;background-repeat: no-repeat;border-width: 0px 0px 0px 0px;border-color:#eae9e9;border-style:solid;\" ><div class=\"fusion-builder-row fusion-row fusion-flex-align-items-flex-start\" style=\"max-width:1216.8px;margin-left: calc(-4% \/ 2 );margin-right: calc(-4% \/ 2 );\"><div class=\"fusion-layout-column fusion_builder_column fusion-builder-column-0 fusion_builder_column_1_2 1_2 fusion-flex-column\"><div class=\"fusion-column-wrapper fusion-flex-justify-content-flex-start fusion-content-layout-column\" style=\"background-position:left top;background-repeat:no-repeat;-webkit-background-size:cover;-moz-background-size:cover;-o-background-size:cover;background-size:cover;padding: 0px 0px 0px 0px;\"><div ><span class=\" fusion-imageframe imageframe-none imageframe-1 hover-type-none\"><img decoding=\"async\" width=\"438\" height=\"320\" title=\"i\" src=\"https:\/\/adamerkezservis.site\/wp-content\/uploads\/2021\/06\/i.jpg\" class=\"img-responsive wp-image-1054\" srcset=\"https:\/\/adamerkezservis.site\/wp-content\/uploads\/2021\/06\/i-200x146.jpg 200w, https:\/\/adamerkezservis.site\/wp-content\/uploads\/2021\/06\/i-400x292.jpg 400w, https:\/\/adamerkezservis.site\/wp-content\/uploads\/2021\/06\/i.jpg 438w\" sizes=\"(max-width: 1000px) 100vw, (max-width: 640px) 100vw, 438px\" \/><\/span><\/div><\/div><\/div><style type=\"text\/css\">.fusion-body .fusion-builder-column-0{width:50% !important;margin-top : 0px;margin-bottom : 20px;}.fusion-builder-column-0 > .fusion-column-wrapper {padding-top : 0px !important;padding-right : 0px !important;margin-right : 3.84%;padding-bottom : 0px !important;padding-left : 0px !important;margin-left : 3.84%;}@media only screen and (max-width:1000px) {.fusion-body .fusion-builder-column-0{width:100% !important;order : 0;}.fusion-builder-column-0 > .fusion-column-wrapper {margin-right : 1.92%;margin-left : 1.92%;}}@media only screen and (max-width:640px) {.fusion-body .fusion-builder-column-0{width:100% !important;order : 0;}.fusion-builder-column-0 > .fusion-column-wrapper {margin-right : 1.92%;margin-left : 1.92%;}}<\/style><div class=\"fusion-layout-column fusion_builder_column fusion-builder-column-1 fusion_builder_column_1_2 1_2 fusion-flex-column\"><div class=\"fusion-column-wrapper fusion-flex-justify-content-flex-start fusion-content-layout-column\" style=\"background-position:left top;background-repeat:no-repeat;-webkit-background-size:cover;-moz-background-size:cover;-o-background-size:cover;background-size:cover;padding: 0px 0px 0px 0px;\"><div class=\"fusion-text fusion-text-1\" style=\"transform:translate3d(0,0,0);\"><h3 style=\"text-align: center;\"><strong>Adamerkez teknik servis olarak;<\/strong><\/h3>\n<p style=\"text-align: center;\">Kombi\u00a0 beyaze\u015fya tv tamir ve bak\u0131m servisi hizmeti sunmaktay\u0131z.Profosyonel kadro ve teknik ekibimizle siz de\u011ferli m\u00fc\u015fterilerimize hizmet vermekteyiz. H\u0131zl\u0131 \u00e7\u00f6z\u00fcmler \u00fcreten teknik servisimizi hemen a\u0131yabilir servis isteyebilirsiniz.Bizimle herzman irtibata ge\u00e7ebilirsiniz.<\/p>\n<p><img decoding=\"async\" class=\"alignnone size-full wp-image-1028 aligncenter\" src=\"https:\/\/adamerkezservis.site\/wp-content\/uploads\/2021\/01\/images-5.png\" alt=\"\" width=\"347\" height=\"145\" srcset=\"https:\/\/adamerkezservis.site\/wp-content\/uploads\/2021\/01\/images-5-200x84.png 200w, https:\/\/adamerkezservis.site\/wp-content\/uploads\/2021\/01\/images-5-300x125.png 300w, https:\/\/adamerkezservis.site\/wp-content\/uploads\/2021\/01\/images-5.png 347w\" sizes=\"(max-width: 347px) 100vw, 347px\" \/><\/p>\n<p style=\"text-align: center;\">Servisimiz herzaman m\u00fc\u015fteri memnuniyeti \u00fczerine \u00e7al\u0131\u015fmalar yapmaktadir.Teknik servis deyince ilk akla gelen firmalar aras\u0131nda olan adamerkez teknik servis olarak b\u00fct\u00fcn markalara teknik servis imkan\u0131m\u0131z vard\u0131r.<\/p>\n<\/div><\/div><\/div><style type=\"text\/css\">.fusion-body .fusion-builder-column-1{width:50% !important;margin-top : 0px;margin-bottom : 20px;}.fusion-builder-column-1 > .fusion-column-wrapper {padding-top : 0px !important;padding-right : 0px !important;margin-right : 3.84%;padding-bottom : 0px !important;padding-left : 0px !important;margin-left : 3.84%;}@media only screen and (max-width:1000px) {.fusion-body .fusion-builder-column-1{width:100% !important;order : 0;}.fusion-builder-column-1 > .fusion-column-wrapper {margin-right : 1.92%;margin-left : 1.92%;}}@media only screen and (max-width:640px) {.fusion-body .fusion-builder-column-1{width:100% !important;order : 0;}.fusion-builder-column-1 > .fusion-column-wrapper {margin-right : 1.92%;margin-left : 1.92%;}}<\/style><\/div><style type=\"text\/css\">.fusion-body .fusion-flex-container.fusion-builder-row-1{ padding-top : 0px;margin-top : 0px;padding-right : 0px;padding-bottom : 0px;margin-bottom : 0px;padding-left : 0px;}<\/style><\/div><div class=\"fusion-fullwidth fullwidth-box fusion-builder-row-2 fusion-flex-container nonhundred-percent-fullwidth non-hundred-percent-height-scrolling\" style=\"background-color: rgba(255,255,255,0);background-position: center center;background-repeat: no-repeat;border-width: 0px 0px 0px 0px;border-color:#eae9e9;border-style:solid;\" ><div class=\"fusion-builder-row fusion-row fusion-flex-align-items-flex-start\" style=\"max-width:1216.8px;margin-left: calc(-4% \/ 2 );margin-right: calc(-4% \/ 2 );\"><div class=\"fusion-layout-column fusion_builder_column fusion-builder-column-2 fusion_builder_column_1_3 1_3 fusion-flex-column\"><div class=\"fusion-column-wrapper fusion-flex-justify-content-flex-start fusion-content-layout-column\" style=\"background-position:left top;background-repeat:no-repeat;-webkit-background-size:cover;-moz-background-size:cover;-o-background-size:cover;background-size:cover;padding: 0px 0px 0px 0px;\"><div class=\"fusion-text fusion-text-2 fusion-animated\" data-animationType=\"slideInLeft\" data-animationDuration=\"0.3\" data-animationOffset=\"100%\"><p><strong>SERV\u0130S<\/strong><\/p>\n<h1><span style=\"color: #ff0000;\">%100<\/span><\/h1>\n<h1><span style=\"color: #ff0000;\"><strong>KOMB\u0130<\/strong><\/span><\/h1>\n<\/div><\/div><\/div><style type=\"text\/css\">.fusion-body .fusion-builder-column-2{width:33.333333333333% !important;margin-top : 0px;margin-bottom : 20px;}.fusion-builder-column-2 > .fusion-column-wrapper {padding-top : 0px !important;padding-right : 0px !important;margin-right : 5.76%;padding-bottom : 0px !important;padding-left : 0px !important;margin-left : 5.76%;}@media only screen and (max-width:1000px) {.fusion-body .fusion-builder-column-2{width:100% !important;order : 0;}.fusion-builder-column-2 > .fusion-column-wrapper {margin-right : 1.92%;margin-left : 1.92%;}}@media only screen and (max-width:640px) {.fusion-body .fusion-builder-column-2{width:100% !important;order : 0;}.fusion-builder-column-2 > .fusion-column-wrapper {margin-right : 1.92%;margin-left : 1.92%;}}<\/style><div class=\"fusion-layout-column fusion_builder_column fusion-builder-column-3 fusion_builder_column_1_3 1_3 fusion-flex-column\"><div class=\"fusion-column-wrapper fusion-flex-justify-content-flex-start fusion-content-layout-column\" style=\"background-position:left top;background-repeat:no-repeat;-webkit-background-size:cover;-moz-background-size:cover;-o-background-size:cover;background-size:cover;padding: 0px 0px 0px 0px;\"><div class=\"fusion-text fusion-text-3 fusion-animated\" data-animationType=\"slideInLeft\" data-animationDuration=\"0.3\" data-animationOffset=\"100%\"><p><strong>HIZLI TESL\u0130MAT<\/strong><\/p>\n<h1><span style=\"color: #ff0000;\">%100<\/span><\/h1>\n<h1><strong><span style=\"color: #ff0000;\">TV<\/span><\/strong><\/h1>\n<\/div><\/div><\/div><style type=\"text\/css\">.fusion-body .fusion-builder-column-3{width:33.333333333333% !important;margin-top : 0px;margin-bottom : 20px;}.fusion-builder-column-3 > .fusion-column-wrapper {padding-top : 0px !important;padding-right : 0px !important;margin-right : 5.76%;padding-bottom : 0px !important;padding-left : 0px !important;margin-left : 5.76%;}@media only screen and (max-width:1000px) {.fusion-body .fusion-builder-column-3{width:100% !important;order : 0;}.fusion-builder-column-3 > .fusion-column-wrapper {margin-right : 1.92%;margin-left : 1.92%;}}@media only screen and (max-width:640px) {.fusion-body .fusion-builder-column-3{width:100% !important;order : 0;}.fusion-builder-column-3 > .fusion-column-wrapper {margin-right : 1.92%;margin-left : 1.92%;}}<\/style><div class=\"fusion-layout-column fusion_builder_column fusion-builder-column-4 fusion_builder_column_1_3 1_3 fusion-flex-column\"><div class=\"fusion-column-wrapper fusion-flex-justify-content-flex-start fusion-content-layout-column\" style=\"background-position:left top;background-repeat:no-repeat;-webkit-background-size:cover;-moz-background-size:cover;-o-background-size:cover;background-size:cover;padding: 0px 0px 0px 0px;\"><div class=\"fusion-text fusion-text-4 fusion-animated\" data-animationType=\"slideInLeft\" data-animationDuration=\"0.3\" data-animationOffset=\"100%\"><p><strong>GARANT\u0130<\/strong><\/p>\n<h1><span style=\"color: #ff0000;\">%100<\/span><\/h1>\n<h1><span style=\"color: #ff0000;\"><strong>BEYAZE\u015eYA<\/strong><\/span><\/h1>\n<\/div><\/div><\/div><style type=\"text\/css\">.fusion-body .fusion-builder-column-4{width:33.333333333333% !important;margin-top : 0px;margin-bottom : 20px;}.fusion-builder-column-4 > .fusion-column-wrapper {padding-top : 0px !important;padding-right : 0px !important;margin-right : 5.76%;padding-bottom : 0px !important;padding-left : 0px !important;margin-left : 5.76%;}@media only screen and (max-width:1000px) {.fusion-body .fusion-builder-column-4{width:100% !important;order : 0;}.fusion-builder-column-4 > .fusion-column-wrapper {margin-right : 1.92%;margin-left : 1.92%;}}@media only screen and (max-width:640px) {.fusion-body .fusion-builder-column-4{width:100% !important;order : 0;}.fusion-builder-column-4 > .fusion-column-wrapper {margin-right : 1.92%;margin-left : 1.92%;}}<\/style><\/div><style type=\"text\/css\">.fusion-body .fusion-flex-container.fusion-builder-row-2{ padding-top : 0px;margin-top : 0px;padding-right : 0px;padding-bottom : 0px;margin-bottom : 0px;padding-left : 0px;}<\/style><\/div><\/p>\n","protected":false},"excerpt":{"rendered":"","protected":false},"author":1,"featured_media":0,"parent":0,"menu_order":0,"comment_status":"closed","ping_status":"closed","template":"100-width.php","meta":{"footnotes":""},"class_list":["post-6","page","type-page","status-publish","hentry"],"_links":{"self":[{"href":"https:\/\/adamerkezservis.site\/index.php\/wp-json\/wp\/v2\/pages\/6","targetHints":{"allow":["GET"]}}],"collection":[{"href":"https:\/\/adamerkezservis.site\/index.php\/wp-json\/wp\/v2\/pages"}],"about":[{"href":"https:\/\/adamerkezservis.site\/index.php\/wp-json\/wp\/v2\/types\/page"}],"author":[{"embeddable":true,"href":"https:\/\/adamerkezservis.site\/index.php\/wp-json\/wp\/v2\/users\/1"}],"replies":[{"embeddable":true,"href":"https:\/\/adamerkezservis.site\/index.php\/wp-json\/wp\/v2\/comments?post=6"}],"version-history":[{"count":1,"href":"https:\/\/adamerkezservis.site\/index.php\/wp-json\/wp\/v2\/pages\/6\/revisions"}],"predecessor-version":[{"id":1081,"href":"https:\/\/adamerkezservis.site\/index.php\/wp-json\/wp\/v2\/pages\/6\/revisions\/1081"}],"wp:attachment":[{"href":"https:\/\/adamerkezservis.site\/index.php\/wp-json\/wp\/v2\/media?parent=6"}],"curies":[{"name":"wp","href":"https:\/\/api.w.org\/{rel}","templated":true}]}}